{"id":103,"date":"2023-12-15T16:54:17","date_gmt":"2023-12-15T15:54:17","guid":{"rendered":"https:\/\/playgroup.fr\/wordpress\/?page_id=103"},"modified":"2026-01-26T20:47:09","modified_gmt":"2026-01-26T19:47:09","slug":"inscriptions-et-tarifs","status":"publish","type":"page","link":"https:\/\/playgroup.fr\/wordpress\/?page_id=103","title":{"rendered":"Inscriptions et tarifs"},"content":{"rendered":"\n<h2>Modalit\u00e9s d&rsquo;inscription<\/h2>\n\n\n\n<figure class=\"wp-block-image size-full\"><img loading=\"lazy\" width=\"1024\" height=\"768\" src=\"https:\/\/playgroup.fr\/wordpress\/wp-content\/uploads\/2026\/01\/Process-recrutement-26-27.png\" alt=\"\" class=\"wp-image-304\" srcset=\"https:\/\/playgroup.fr\/wordpress\/wp-content\/uploads\/2026\/01\/Process-recrutement-26-27.png 1024w, https:\/\/playgroup.fr\/wordpress\/wp-content\/uploads\/2026\/01\/Process-recrutement-26-27-300x225.png 300w, https:\/\/playgroup.fr\/wordpress\/wp-content\/uploads\/2026\/01\/Process-recrutement-26-27-768x576.png 768w\" sizes=\"(max-width: 767px) 89vw, (max-width: 1000px) 54vw, (max-width: 1071px) 543px, 580px\" \/><\/figure>\n\n\n\n<h2>Frais \/ Tarifs<\/h2>\n\n\n\n<p>Le tarif appliqu\u00e9 pour un contrat r\u00e9gulier (\u00e9tabli pour les semaines scolaires uniquement) se compose :<br>\u2022 Des <strong>frais d\u2019\u00e9colage <\/strong>(fix\u00e9s par l\u2019association)<br>\u2022 Des <strong>frais de p\u00e9riscolaire<\/strong>, calcul\u00e9s selon le bar\u00e8me mis en place par la CAF.<\/p>\n\n\n\n<p>Les contrats r\u00e9guliers (contrats scolaires et p\u00e9riscolaires associ\u00e9s, ainsi que contrats \u201cPtits Loups\u201d du mercredi) sont factur\u00e9s sur la base d\u2019un lissage du montant annuel en 10 mensualit\u00e9s \u00e9gales. <\/p>\n\n\n\n<p>Les <strong>frais d&rsquo;\u00e9colage <\/strong>sont compris entre :<br> \u2022  <strong>420\u20ac par mois<\/strong>, pour des revenus annuels inf\u00e9rieurs \u00e0 50.000\u20ac<br> \u2022  et <strong>524\u20ac par mois<\/strong>, pour des revenus annuels sup\u00e9rieurs \u00e0 102.000\u20ac. <br>Pour des revenus annuels compris entre 50.000\u20ac et 102.000\u20ac, le tarif est calcul\u00e9 proportionnellement \u00e0 vos revenus. <\/p>\n\n\n\n<p>Les frais de p\u00e9riscolaire tiennent compte du bar\u00e8me fix\u00e9 par la CAF. Celui-ci prend en compte vos revenus annuels N-2, ainsi que le nombre d&rsquo;enfants que vous avez \u00e0 charge. <\/p>\n\n\n\n<p>Les contrats vacances sont factur\u00e9s ind\u00e9pendamment. Le tarif horaire appliqu\u00e9 est le m\u00eame que celui du p\u00e9riscolaire.<\/p>\n\n\n\n<p>Un simulateur tarifaire est \u00e0 votre disposition <a href=\"https:\/\/playgroup.fr\/#\/rates\">ici<\/a>. <\/p>\n\n\n\n<p><\/p>\n","protected":false},"excerpt":{"rendered":"<p>Modalit\u00e9s d&rsquo;inscription Frais \/ Tarifs Le tarif appliqu\u00e9 pour un contrat r\u00e9gulier (\u00e9tabli pour les semaines scolaires uniquement) se compose :\u2022 Des frais d\u2019\u00e9colage (fix\u00e9s par l\u2019association)\u2022 Des frais de p\u00e9riscolaire, calcul\u00e9s selon le bar\u00e8me mis en place par la CAF. Les contrats r\u00e9guliers (contrats scolaires et p\u00e9riscolaires associ\u00e9s, ainsi que contrats \u201cPtits Loups\u201d du &hellip; <\/p>\n<p class=\"link-more\"><a href=\"https:\/\/playgroup.fr\/wordpress\/?page_id=103\" class=\"more-link\">Continuer la lecture<span class=\"screen-reader-text\"> de &laquo;&nbsp;Inscriptions et tarifs&nbsp;&raquo;<\/span><\/a><\/p>\n","protected":false},"author":1,"featured_media":0,"parent":0,"menu_order":0,"comment_status":"closed","ping_status":"closed","template":"","meta":[],"_links":{"self":[{"href":"https:\/\/playgroup.fr\/wordpress\/index.php?rest_route=\/wp\/v2\/pages\/103"}],"collection":[{"href":"https:\/\/playgroup.fr\/wordpress\/index.php?rest_route=\/wp\/v2\/pages"}],"about":[{"href":"https:\/\/playgroup.fr\/wordpress\/index.php?rest_route=\/wp\/v2\/types\/page"}],"author":[{"embeddable":true,"href":"https:\/\/playgroup.fr\/wordpress\/index.php?rest_route=\/wp\/v2\/users\/1"}],"replies":[{"embeddable":true,"href":"https:\/\/playgroup.fr\/wordpress\/index.php?rest_route=%2Fwp%2Fv2%2Fcomments&post=103"}],"version-history":[{"count":11,"href":"https:\/\/playgroup.fr\/wordpress\/index.php?rest_route=\/wp\/v2\/pages\/103\/revisions"}],"predecessor-version":[{"id":306,"href":"https:\/\/playgroup.fr\/wordpress\/index.php?rest_route=\/wp\/v2\/pages\/103\/revisions\/306"}],"wp:attachment":[{"href":"https:\/\/playgroup.fr\/wordpress\/index.php?rest_route=%2Fwp%2Fv2%2Fmedia&parent=103"}],"curies":[{"name":"wp","href":"https:\/\/api.w.org\/{rel}","templated":true}]}}