{"id":99,"date":"2023-12-15T16:45:52","date_gmt":"2023-12-15T15:45:52","guid":{"rendered":"https:\/\/playgroup.fr\/wordpress\/?page_id=99"},"modified":"2026-01-15T19:39:34","modified_gmt":"2026-01-15T18:39:34","slug":"projet-educatif-et-pedagogique","status":"publish","type":"page","link":"https:\/\/playgroup.fr\/wordpress\/?page_id=99","title":{"rendered":"Projet \u00e9ducatif et p\u00e9dagogique"},"content":{"rendered":"\n<h2>P\u00e9dagogie Montessori<\/h2>\n\n\n\n<p>L&rsquo;enseignement dispens\u00e9 durant les temps scolaires se r\u00e9f\u00e8re au socle commun de comp\u00e9tences tel que d\u00e9fini par l\u2019Education Nationale et les \u00e9ducateurs, en charge de l&rsquo;instruction, s\u2019attachent \u00e0 permettre aux enfants d\u2019acqu\u00e9rir les comp\u00e9tences attendues en fin de cycle.<\/p>\n\n\n\n<p>L\u2019ambiance Montessori occupe une place importante dans les activit\u00e9s (scolaires notamment) puisqu\u2019elle favorise, stimule et accro\u00eet l\u2019apprentissage des enfants dans tous les domaines.<\/p>\n\n\n\n<p>La p\u00e9dagogie s\u2019appuie sur l\u2019observation de l\u2019enfant, de ses p\u00e9riodes sensibles, de son besoin naturel d\u2019apprendre et d\u2019assimiler des informations. Elle fournit aux enfants la possibilit\u00e9 de manipuler toutes sortes de mat\u00e9riel, d\u2019observer, d\u2019\u00e9couter, d\u2019explorer, d\u2019exp\u00e9rimenter, de poser des questions et de tirer des conclusions. Le mat\u00e9riel propos\u00e9 est \u00e9labor\u00e9 sur des bases scientifiques. C&rsquo;est un mat\u00e9riel didactique, color\u00e9, attrayant, progressif et autocorrectif.<\/p>\n\n\n\n<p>Ainsi, la d\u00e9couverte des premiers apprentissages par la multisensorialit\u00e9, la manipulation est au centre de notre p\u00e9dagogie.<\/p>\n\n\n\n<figure class=\"wp-block-gallery columns-3 is-cropped\"><ul class=\"blocks-gallery-grid\"><li class=\"blocks-gallery-item\"><figure><img loading=\"lazy\" width=\"1024\" height=\"681\" src=\"https:\/\/playgroup.fr\/wordpress\/wp-content\/uploads\/2026\/01\/20251209_playgroup_099_MKA_0395-1024x681.jpg\" alt=\"\" data-id=\"267\" data-link=\"https:\/\/playgroup.fr\/wordpress\/?attachment_id=267\" class=\"wp-image-267\" srcset=\"https:\/\/playgroup.fr\/wordpress\/wp-content\/uploads\/2026\/01\/20251209_playgroup_099_MKA_0395-1024x681.jpg 1024w, https:\/\/playgroup.fr\/wordpress\/wp-content\/uploads\/2026\/01\/20251209_playgroup_099_MKA_0395-300x200.jpg 300w, https:\/\/playgroup.fr\/wordpress\/wp-content\/uploads\/2026\/01\/20251209_playgroup_099_MKA_0395-768x511.jpg 768w, https:\/\/playgroup.fr\/wordpress\/wp-content\/uploads\/2026\/01\/20251209_playgroup_099_MKA_0395-1536x1022.jpg 1536w, https:\/\/playgroup.fr\/wordpress\/wp-content\/uploads\/2026\/01\/20251209_playgroup_099_MKA_0395.jpg 1920w\" sizes=\"(max-width: 767px) 89vw, (max-width: 1000px) 54vw, (max-width: 1071px) 543px, 580px\" \/><\/figure><\/li><li class=\"blocks-gallery-item\"><figure><img loading=\"lazy\" width=\"1024\" height=\"681\" src=\"https:\/\/playgroup.fr\/wordpress\/wp-content\/uploads\/2026\/01\/20251209_playgroup_101_MKA_0399-1024x681.jpg\" alt=\"\" data-id=\"268\" data-link=\"https:\/\/playgroup.fr\/wordpress\/?attachment_id=268\" class=\"wp-image-268\" srcset=\"https:\/\/playgroup.fr\/wordpress\/wp-content\/uploads\/2026\/01\/20251209_playgroup_101_MKA_0399-1024x681.jpg 1024w, https:\/\/playgroup.fr\/wordpress\/wp-content\/uploads\/2026\/01\/20251209_playgroup_101_MKA_0399-300x200.jpg 300w, https:\/\/playgroup.fr\/wordpress\/wp-content\/uploads\/2026\/01\/20251209_playgroup_101_MKA_0399-768x511.jpg 768w, https:\/\/playgroup.fr\/wordpress\/wp-content\/uploads\/2026\/01\/20251209_playgroup_101_MKA_0399-1536x1022.jpg 1536w, https:\/\/playgroup.fr\/wordpress\/wp-content\/uploads\/2026\/01\/20251209_playgroup_101_MKA_0399.jpg 1920w\" sizes=\"(max-width: 767px) 89vw, (max-width: 1000px) 54vw, (max-width: 1071px) 543px, 580px\" \/><\/figure><\/li><li class=\"blocks-gallery-item\"><figure><img loading=\"lazy\" width=\"1024\" height=\"681\" src=\"https:\/\/playgroup.fr\/wordpress\/wp-content\/uploads\/2026\/01\/20251209_playgroup_091_MKA_0376-1024x681.jpg\" alt=\"\" data-id=\"269\" data-link=\"https:\/\/playgroup.fr\/wordpress\/?attachment_id=269\" class=\"wp-image-269\" srcset=\"https:\/\/playgroup.fr\/wordpress\/wp-content\/uploads\/2026\/01\/20251209_playgroup_091_MKA_0376-1024x681.jpg 1024w, https:\/\/playgroup.fr\/wordpress\/wp-content\/uploads\/2026\/01\/20251209_playgroup_091_MKA_0376-300x200.jpg 300w, https:\/\/playgroup.fr\/wordpress\/wp-content\/uploads\/2026\/01\/20251209_playgroup_091_MKA_0376-768x511.jpg 768w, https:\/\/playgroup.fr\/wordpress\/wp-content\/uploads\/2026\/01\/20251209_playgroup_091_MKA_0376-1536x1022.jpg 1536w, https:\/\/playgroup.fr\/wordpress\/wp-content\/uploads\/2026\/01\/20251209_playgroup_091_MKA_0376.jpg 1920w\" sizes=\"(max-width: 767px) 89vw, (max-width: 1000px) 54vw, (max-width: 1071px) 543px, 580px\" \/><\/figure><\/li><li class=\"blocks-gallery-item\"><figure><img loading=\"lazy\" width=\"1024\" height=\"681\" src=\"https:\/\/playgroup.fr\/wordpress\/wp-content\/uploads\/2026\/01\/20251209_playgroup_095_MKA_0379-1024x681.jpg\" alt=\"\" data-id=\"270\" data-link=\"https:\/\/playgroup.fr\/wordpress\/?attachment_id=270\" class=\"wp-image-270\" srcset=\"https:\/\/playgroup.fr\/wordpress\/wp-content\/uploads\/2026\/01\/20251209_playgroup_095_MKA_0379-1024x681.jpg 1024w, https:\/\/playgroup.fr\/wordpress\/wp-content\/uploads\/2026\/01\/20251209_playgroup_095_MKA_0379-300x200.jpg 300w, https:\/\/playgroup.fr\/wordpress\/wp-content\/uploads\/2026\/01\/20251209_playgroup_095_MKA_0379-768x511.jpg 768w, https:\/\/playgroup.fr\/wordpress\/wp-content\/uploads\/2026\/01\/20251209_playgroup_095_MKA_0379-1536x1022.jpg 1536w, https:\/\/playgroup.fr\/wordpress\/wp-content\/uploads\/2026\/01\/20251209_playgroup_095_MKA_0379.jpg 1920w\" sizes=\"(max-width: 767px) 89vw, (max-width: 1000px) 54vw, (max-width: 1071px) 543px, 580px\" \/><\/figure><\/li><li class=\"blocks-gallery-item\"><figure><img loading=\"lazy\" width=\"960\" height=\"540\" src=\"https:\/\/playgroup.fr\/wordpress\/wp-content\/uploads\/2026\/01\/Vie-pratique_1.jpg\" alt=\"\" data-id=\"271\" data-link=\"https:\/\/playgroup.fr\/wordpress\/?attachment_id=271\" class=\"wp-image-271\" srcset=\"https:\/\/playgroup.fr\/wordpress\/wp-content\/uploads\/2026\/01\/Vie-pratique_1.jpg 960w, https:\/\/playgroup.fr\/wordpress\/wp-content\/uploads\/2026\/01\/Vie-pratique_1-300x169.jpg 300w, https:\/\/playgroup.fr\/wordpress\/wp-content\/uploads\/2026\/01\/Vie-pratique_1-768x432.jpg 768w\" sizes=\"(max-width: 767px) 89vw, (max-width: 1000px) 54vw, (max-width: 1071px) 543px, 580px\" \/><\/figure><\/li><li class=\"blocks-gallery-item\"><figure><img loading=\"lazy\" width=\"676\" height=\"442\" src=\"https:\/\/playgroup.fr\/wordpress\/wp-content\/uploads\/2026\/01\/Ouverture-au-monde_Montessori-material.jpg\" alt=\"\" data-id=\"272\" data-link=\"https:\/\/playgroup.fr\/wordpress\/?attachment_id=272\" class=\"wp-image-272\" srcset=\"https:\/\/playgroup.fr\/wordpress\/wp-content\/uploads\/2026\/01\/Ouverture-au-monde_Montessori-material.jpg 676w, https:\/\/playgroup.fr\/wordpress\/wp-content\/uploads\/2026\/01\/Ouverture-au-monde_Montessori-material-300x196.jpg 300w\" sizes=\"(max-width: 676px) 100vw, 676px\" \/><\/figure><\/li><li class=\"blocks-gallery-item\"><figure><img loading=\"lazy\" width=\"1024\" height=\"681\" src=\"https:\/\/playgroup.fr\/wordpress\/wp-content\/uploads\/2026\/01\/Montessori_8-1024x681.jpg\" alt=\"\" data-id=\"273\" data-link=\"https:\/\/playgroup.fr\/wordpress\/?attachment_id=273\" class=\"wp-image-273\" srcset=\"https:\/\/playgroup.fr\/wordpress\/wp-content\/uploads\/2026\/01\/Montessori_8-1024x681.jpg 1024w, https:\/\/playgroup.fr\/wordpress\/wp-content\/uploads\/2026\/01\/Montessori_8-300x200.jpg 300w, https:\/\/playgroup.fr\/wordpress\/wp-content\/uploads\/2026\/01\/Montessori_8-768x511.jpg 768w, https:\/\/playgroup.fr\/wordpress\/wp-content\/uploads\/2026\/01\/Montessori_8-1536x1022.jpg 1536w, https:\/\/playgroup.fr\/wordpress\/wp-content\/uploads\/2026\/01\/Montessori_8.jpg 1920w\" sizes=\"(max-width: 767px) 89vw, (max-width: 1000px) 54vw, (max-width: 1071px) 543px, 580px\" \/><\/figure><\/li><li class=\"blocks-gallery-item\"><figure><img loading=\"lazy\" width=\"960\" height=\"540\" src=\"https:\/\/playgroup.fr\/wordpress\/wp-content\/uploads\/2026\/01\/Montessori_7.jpg\" alt=\"\" data-id=\"274\" data-link=\"https:\/\/playgroup.fr\/wordpress\/?attachment_id=274\" class=\"wp-image-274\" srcset=\"https:\/\/playgroup.fr\/wordpress\/wp-content\/uploads\/2026\/01\/Montessori_7.jpg 960w, https:\/\/playgroup.fr\/wordpress\/wp-content\/uploads\/2026\/01\/Montessori_7-300x169.jpg 300w, https:\/\/playgroup.fr\/wordpress\/wp-content\/uploads\/2026\/01\/Montessori_7-768x432.jpg 768w\" sizes=\"(max-width: 767px) 89vw, (max-width: 1000px) 54vw, (max-width: 1071px) 543px, 580px\" \/><\/figure><\/li><li class=\"blocks-gallery-item\"><figure><img loading=\"lazy\" width=\"1024\" height=\"768\" src=\"https:\/\/playgroup.fr\/wordpress\/wp-content\/uploads\/2026\/01\/IMG_20250331_151417-1024x768.jpg\" alt=\"\" data-id=\"275\" data-full-url=\"https:\/\/playgroup.fr\/wordpress\/wp-content\/uploads\/2026\/01\/IMG_20250331_151417-scaled.jpg\" data-link=\"https:\/\/playgroup.fr\/wordpress\/?attachment_id=275\" class=\"wp-image-275\" srcset=\"https:\/\/playgroup.fr\/wordpress\/wp-content\/uploads\/2026\/01\/IMG_20250331_151417-1024x768.jpg 1024w, https:\/\/playgroup.fr\/wordpress\/wp-content\/uploads\/2026\/01\/IMG_20250331_151417-300x225.jpg 300w, https:\/\/playgroup.fr\/wordpress\/wp-content\/uploads\/2026\/01\/IMG_20250331_151417-768x576.jpg 768w, https:\/\/playgroup.fr\/wordpress\/wp-content\/uploads\/2026\/01\/IMG_20250331_151417-1536x1152.jpg 1536w, https:\/\/playgroup.fr\/wordpress\/wp-content\/uploads\/2026\/01\/IMG_20250331_151417-2048x1536.jpg 2048w\" sizes=\"(max-width: 767px) 89vw, (max-width: 1000px) 54vw, (max-width: 1071px) 543px, 580px\" \/><\/figure><\/li><\/ul><\/figure>\n\n\n\n<h2>Bilinguisme<\/h2>\n\n\n\n<p>Le bilinguisme fait l\u2019originalit\u00e9 du projet du Playgroup. L\u2019\u00e9cole fonctionne selon le principe d\u2019immersion, qui correspond \u00e0 la m\u00e9thode naturelle d\u2019acquisition d\u2019une langue. L\u2019enfant s\u2019impr\u00e8gne de la langue \u00e9trang\u00e8re pratiqu\u00e9e au quotidien. Les enfants communiquent avec les \u00e9ducateurs et avec les enfants venus d\u2019autres horizons, ce qui stimule leur curiosit\u00e9 et permet une ouverture d\u2019esprit naturelle et spontan\u00e9e.<\/p>\n\n\n\n<p>Le projet vise \u00e0 d\u00e9velopper chez les enfants une comp\u00e9tence langagi\u00e8re pour interagir, communiquer, s\u2019amuser et apprendre, en fran\u00e7ais comme en anglais.<\/p>\n\n\n\n<figure class=\"wp-block-gallery columns-3 is-cropped\"><ul class=\"blocks-gallery-grid\"><li class=\"blocks-gallery-item\"><figure><img loading=\"lazy\" width=\"1024\" height=\"681\" src=\"https:\/\/playgroup.fr\/wordpress\/wp-content\/uploads\/2026\/01\/20251209_playgroup_048_MKA_0204-1024x681.jpg\" alt=\"\" data-id=\"279\" data-link=\"https:\/\/playgroup.fr\/wordpress\/?attachment_id=279\" class=\"wp-image-279\" srcset=\"https:\/\/playgroup.fr\/wordpress\/wp-content\/uploads\/2026\/01\/20251209_playgroup_048_MKA_0204-1024x681.jpg 1024w, https:\/\/playgroup.fr\/wordpress\/wp-content\/uploads\/2026\/01\/20251209_playgroup_048_MKA_0204-300x200.jpg 300w, https:\/\/playgroup.fr\/wordpress\/wp-content\/uploads\/2026\/01\/20251209_playgroup_048_MKA_0204-768x511.jpg 768w, https:\/\/playgroup.fr\/wordpress\/wp-content\/uploads\/2026\/01\/20251209_playgroup_048_MKA_0204-1536x1022.jpg 1536w, https:\/\/playgroup.fr\/wordpress\/wp-content\/uploads\/2026\/01\/20251209_playgroup_048_MKA_0204.jpg 1920w\" sizes=\"(max-width: 767px) 89vw, (max-width: 1000px) 54vw, (max-width: 1071px) 543px, 580px\" \/><\/figure><\/li><li class=\"blocks-gallery-item\"><figure><img loading=\"lazy\" width=\"1024\" height=\"681\" src=\"https:\/\/playgroup.fr\/wordpress\/wp-content\/uploads\/2026\/01\/20251209_playgroup_047_MKA_0203-1-1024x681.jpg\" alt=\"\" data-id=\"285\" data-link=\"https:\/\/playgroup.fr\/wordpress\/?attachment_id=285\" class=\"wp-image-285\" srcset=\"https:\/\/playgroup.fr\/wordpress\/wp-content\/uploads\/2026\/01\/20251209_playgroup_047_MKA_0203-1-1024x681.jpg 1024w, https:\/\/playgroup.fr\/wordpress\/wp-content\/uploads\/2026\/01\/20251209_playgroup_047_MKA_0203-1-300x200.jpg 300w, https:\/\/playgroup.fr\/wordpress\/wp-content\/uploads\/2026\/01\/20251209_playgroup_047_MKA_0203-1-768x511.jpg 768w, https:\/\/playgroup.fr\/wordpress\/wp-content\/uploads\/2026\/01\/20251209_playgroup_047_MKA_0203-1-1536x1022.jpg 1536w, https:\/\/playgroup.fr\/wordpress\/wp-content\/uploads\/2026\/01\/20251209_playgroup_047_MKA_0203-1.jpg 1920w\" sizes=\"(max-width: 767px) 89vw, (max-width: 1000px) 54vw, (max-width: 1071px) 543px, 580px\" \/><\/figure><\/li><li class=\"blocks-gallery-item\"><figure><img loading=\"lazy\" width=\"1024\" height=\"681\" src=\"https:\/\/playgroup.fr\/wordpress\/wp-content\/uploads\/2026\/01\/20251209_playgroup_049_MKA_0205-1-1024x681.jpg\" alt=\"\" data-id=\"286\" data-link=\"https:\/\/playgroup.fr\/wordpress\/?attachment_id=286\" class=\"wp-image-286\" srcset=\"https:\/\/playgroup.fr\/wordpress\/wp-content\/uploads\/2026\/01\/20251209_playgroup_049_MKA_0205-1-1024x681.jpg 1024w, https:\/\/playgroup.fr\/wordpress\/wp-content\/uploads\/2026\/01\/20251209_playgroup_049_MKA_0205-1-300x200.jpg 300w, https:\/\/playgroup.fr\/wordpress\/wp-content\/uploads\/2026\/01\/20251209_playgroup_049_MKA_0205-1-768x511.jpg 768w, https:\/\/playgroup.fr\/wordpress\/wp-content\/uploads\/2026\/01\/20251209_playgroup_049_MKA_0205-1-1536x1022.jpg 1536w, https:\/\/playgroup.fr\/wordpress\/wp-content\/uploads\/2026\/01\/20251209_playgroup_049_MKA_0205-1.jpg 1920w\" sizes=\"(max-width: 767px) 89vw, (max-width: 1000px) 54vw, (max-width: 1071px) 543px, 580px\" \/><\/figure><\/li><li class=\"blocks-gallery-item\"><figure><img loading=\"lazy\" width=\"1024\" height=\"681\" src=\"https:\/\/playgroup.fr\/wordpress\/wp-content\/uploads\/2026\/01\/20251209_playgroup_090_MKA_0368-1-1024x681.jpg\" alt=\"\" data-id=\"287\" data-full-url=\"https:\/\/playgroup.fr\/wordpress\/wp-content\/uploads\/2026\/01\/20251209_playgroup_090_MKA_0368-1.jpg\" data-link=\"https:\/\/playgroup.fr\/wordpress\/?attachment_id=287\" class=\"wp-image-287\" srcset=\"https:\/\/playgroup.fr\/wordpress\/wp-content\/uploads\/2026\/01\/20251209_playgroup_090_MKA_0368-1-1024x681.jpg 1024w, https:\/\/playgroup.fr\/wordpress\/wp-content\/uploads\/2026\/01\/20251209_playgroup_090_MKA_0368-1-300x200.jpg 300w, https:\/\/playgroup.fr\/wordpress\/wp-content\/uploads\/2026\/01\/20251209_playgroup_090_MKA_0368-1-768x511.jpg 768w, https:\/\/playgroup.fr\/wordpress\/wp-content\/uploads\/2026\/01\/20251209_playgroup_090_MKA_0368-1-1536x1022.jpg 1536w, https:\/\/playgroup.fr\/wordpress\/wp-content\/uploads\/2026\/01\/20251209_playgroup_090_MKA_0368-1.jpg 1920w\" sizes=\"(max-width: 767px) 89vw, (max-width: 1000px) 54vw, (max-width: 1071px) 543px, 580px\" \/><\/figure><\/li><\/ul><\/figure>\n\n\n\n<h2>Classes multi-niveaux et groupes projets<\/h2>\n\n\n\n<p>Au Playgroup, les classes mixent les tranches d\u2019\u00e2ge \u00e9quivalant \u00e0 la petite, la moyenne et la grande sections (ici, les enfants sont respectivement Cubes, puis Diamants et enfin Etoiles).<\/p>\n\n\n\n<p>Les classes multi-niveaux permettent aux enfants d&rsquo;apprendre les uns des autres au travers d\u2019activit\u00e9s partag\u00e9es. Les plus petits apprennent en observant leurs a\u00een\u00e9s et les plus grands renforcent et ancrent leurs apprentissages en les partageant avec leurs pairs.<\/p>\n\n\n\n<p>Des activit\u00e9s sont par ailleurs propos\u00e9es en transverse, r\u00e9unissant les enfants des deux classes et d\u2019une m\u00eame tranche d\u2019\u00e2ge, autour d\u2019un projet partag\u00e9.\u00a0<\/p>\n\n\n\n<figure class=\"wp-block-image size-large\"><img loading=\"lazy\" width=\"1024\" height=\"681\" src=\"https:\/\/playgroup.fr\/wordpress\/wp-content\/uploads\/2026\/01\/20251209_playgroup_057_MKA_0235-1-1024x681.jpg\" alt=\"\" class=\"wp-image-282\" srcset=\"https:\/\/playgroup.fr\/wordpress\/wp-content\/uploads\/2026\/01\/20251209_playgroup_057_MKA_0235-1-1024x681.jpg 1024w, https:\/\/playgroup.fr\/wordpress\/wp-content\/uploads\/2026\/01\/20251209_playgroup_057_MKA_0235-1-300x200.jpg 300w, https:\/\/playgroup.fr\/wordpress\/wp-content\/uploads\/2026\/01\/20251209_playgroup_057_MKA_0235-1-768x511.jpg 768w, https:\/\/playgroup.fr\/wordpress\/wp-content\/uploads\/2026\/01\/20251209_playgroup_057_MKA_0235-1-1536x1022.jpg 1536w, https:\/\/playgroup.fr\/wordpress\/wp-content\/uploads\/2026\/01\/20251209_playgroup_057_MKA_0235-1.jpg 1920w\" sizes=\"(max-width: 767px) 89vw, (max-width: 1000px) 54vw, (max-width: 1071px) 543px, 580px\" \/><\/figure>\n\n\n\n<p><\/p>\n","protected":false},"excerpt":{"rendered":"<p>P\u00e9dagogie Montessori L&rsquo;enseignement dispens\u00e9 durant les temps scolaires se r\u00e9f\u00e8re au socle commun de comp\u00e9tences tel que d\u00e9fini par l\u2019Education Nationale et les \u00e9ducateurs, en charge de l&rsquo;instruction, s\u2019attachent \u00e0 permettre aux enfants d\u2019acqu\u00e9rir les comp\u00e9tences attendues en fin de cycle. L\u2019ambiance Montessori occupe une place importante dans les activit\u00e9s (scolaires notamment) puisqu\u2019elle favorise, stimule &hellip; <\/p>\n<p class=\"link-more\"><a href=\"https:\/\/playgroup.fr\/wordpress\/?page_id=99\" class=\"more-link\">Continuer la lecture<span class=\"screen-reader-text\"> de &laquo;&nbsp;Projet \u00e9ducatif et p\u00e9dagogique&nbsp;&raquo;<\/span><\/a><\/p>\n","protected":false},"author":1,"featured_media":0,"parent":0,"menu_order":0,"comment_status":"closed","ping_status":"closed","template":"","meta":[],"_links":{"self":[{"href":"https:\/\/playgroup.fr\/wordpress\/index.php?rest_route=\/wp\/v2\/pages\/99"}],"collection":[{"href":"https:\/\/playgroup.fr\/wordpress\/index.php?rest_route=\/wp\/v2\/pages"}],"about":[{"href":"https:\/\/playgroup.fr\/wordpress\/index.php?rest_route=\/wp\/v2\/types\/page"}],"author":[{"embeddable":true,"href":"https:\/\/playgroup.fr\/wordpress\/index.php?rest_route=\/wp\/v2\/users\/1"}],"replies":[{"embeddable":true,"href":"https:\/\/playgroup.fr\/wordpress\/index.php?rest_route=%2Fwp%2Fv2%2Fcomments&post=99"}],"version-history":[{"count":10,"href":"https:\/\/playgroup.fr\/wordpress\/index.php?rest_route=\/wp\/v2\/pages\/99\/revisions"}],"predecessor-version":[{"id":288,"href":"https:\/\/playgroup.fr\/wordpress\/index.php?rest_route=\/wp\/v2\/pages\/99\/revisions\/288"}],"wp:attachment":[{"href":"https:\/\/playgroup.fr\/wordpress\/index.php?rest_route=%2Fwp%2Fv2%2Fmedia&parent=99"}],"curies":[{"name":"wp","href":"https:\/\/api.w.org\/{rel}","templated":true}]}}